{"id":1805,"date":"2019-04-26T18:31:04","date_gmt":"2019-04-26T16:31:04","guid":{"rendered":"http:\/\/wp.luellepop-design.de\/?page_id=1805"},"modified":"2024-09-12T15:34:04","modified_gmt":"2024-09-12T13:34:04","slug":"luellepop-story","status":"publish","type":"page","link":"https:\/\/luellepop-design.de\/en\/luellepop-story\/","title":{"rendered":"L\u00fcllepop Story"},"content":{"rendered":"<div data-elementor-type=\"wp-post\" data-elementor-id=\"1805\" class=\"elementor elementor-1805\">\n\t\t\t\t\t\t<section class=\"elementor-section elementor-top-section elementor-element elementor-element-746f643 elementor-section-stretched elementor-section-boxed elementor-section-height-default elementor-section-height-default\" data-id=\"746f643\" data-element_type=\"section\" data-e-type=\"section\" data-settings=\"{&quot;stretch_section&quot;:&quot;section-stretched&quot;}\">\n\t\t\t\t\t\t<div class=\"elementor-container elementor-column-gap-default\">\n\t\t\t\t\t<div class=\"elementor-column elementor-col-100 elementor-top-column elementor-element elementor-element-ad35484\" data-id=\"ad35484\" data-element_type=\"column\" data-e-type=\"column\">\n\t\t\t<div class=\"elementor-widget-wrap elementor-element-populated\">\n\t\t\t\t\t\t<div class=\"elementor-element elementor-element-49a1096 elementor-widget elementor-widget-spacer\" data-id=\"49a1096\" data-element_type=\"widget\" data-e-type=\"widget\" data-widget_type=\"spacer.default\">\n\t\t\t\t<div class=\"elementor-widget-container\">\n\t\t\t\t\t\t\t<div class=\"elementor-spacer\">\n\t\t\t<div class=\"elementor-spacer-inner\"><\/div>\n\t\t<\/div>\n\t\t\t\t\t\t<\/div>\n\t\t\t\t<\/div>\n\t\t\t\t<div class=\"elementor-element elementor-element-9964008 elementor-widget elementor-widget-heading\" data-id=\"9964008\" data-element_type=\"widget\" data-e-type=\"widget\" data-widget_type=\"heading.default\">\n\t\t\t\t<div class=\"elementor-widget-container\">\n\t\t\t\t\t<h1 class=\"elementor-heading-title elementor-size-default\">About Luellepop<\/h1>\t\t\t\t<\/div>\n\t\t\t\t<\/div>\n\t\t\t\t<div class=\"elementor-element elementor-element-89e8aa7 elementor-widget elementor-widget-text-editor\" data-id=\"89e8aa7\" data-element_type=\"widget\" data-e-type=\"widget\" data-widget_type=\"text-editor.default\">\n\t\t\t\t<div class=\"elementor-widget-container\">\n\t\t\t\t\t\t\t\t\tLuellepop Design was founded in Berlin in 2009 by Cathleen Reinheckel and developed further together with Andr\u00e9 Gawanka. For the label L\u00fcllepop, it was immediately obvious that the fashion brand would focus on latex.\n\nCathleen Reinheckel is not afraid to use the material in a variety of ways. We all know latex as a shiny and mirror-smooth material. At Luellepop, latex is also available embossed, laser-cutted or knitted.\n\nBut the USP is the combination with fabrics. The designer usually chooses slightly falling and flowing fabrics. Luellepop Design stands for elegant and feminine fashion with a touch of extravagance.\nIt is in the nature of the designer to produce with the highest standards of quality. Each item of clothing is handmade in her studio in the middle of the Niederlausitzer Landruecken.\t\t\t\t\t\t\t\t<\/div>\n\t\t\t\t<\/div>\n\t\t\t\t<div class=\"elementor-element elementor-element-4b1a0b1 elementor-widget elementor-widget-image\" data-id=\"4b1a0b1\" data-element_type=\"widget\" data-e-type=\"widget\" data-widget_type=\"image.default\">\n\t\t\t\t<div class=\"elementor-widget-container\">\n\t\t\t\t\t\t\t\t\t\t\t\t\t\t\t<img fetchpriority=\"high\" decoding=\"async\" width=\"768\" height=\"512\" src=\"https:\/\/luellepop-design.de\/wp-content\/uploads\/2024\/09\/Team-Luellepop-Emely-Andre-Gawanka-Cathleen-Reinheckel_2.jpg\" class=\"attachment-medium_large size-medium_large wp-image-26816\" alt=\"Team-L\u00fcllepop-Emely,-Andr\u00e9-Gawanka-&amp;-Cathleen-Reinheckel_2\" \/>\t\t\t\t\t\t\t\t\t\t\t\t\t\t\t<\/div>\n\t\t\t\t<\/div>\n\t\t\t\t<div class=\"elementor-element elementor-element-18f732f elementor-widget-divider--view-line elementor-widget elementor-widget-divider\" data-id=\"18f732f\" data-element_type=\"widget\" data-e-type=\"widget\" data-widget_type=\"divider.default\">\n\t\t\t\t<div class=\"elementor-widget-container\">\n\t\t\t\t\t\t\t<div class=\"elementor-divider\">\n\t\t\t<span class=\"elementor-divider-separator\">\n\t\t\t\t\t\t<\/span>\n\t\t<\/div>\n\t\t\t\t\t\t<\/div>\n\t\t\t\t<\/div>\n\t\t\t\t\t<\/div>\n\t\t<\/div>\n\t\t\t\t\t<\/div>\n\t\t<\/section>\n\t\t\t\t<section class=\"elementor-section elementor-top-section elementor-element elementor-element-9ba6c90 elementor-section-boxed elementor-section-height-default elementor-section-height-default\" data-id=\"9ba6c90\" data-element_type=\"section\" data-e-type=\"section\">\n\t\t\t\t\t\t<div class=\"elementor-container elementor-column-gap-default\">\n\t\t\t\t\t<div class=\"elementor-column elementor-col-100 elementor-top-column elementor-element elementor-element-10e3070\" data-id=\"10e3070\" data-element_type=\"column\" data-e-type=\"column\">\n\t\t\t<div class=\"elementor-widget-wrap elementor-element-populated\">\n\t\t\t\t\t\t<div class=\"elementor-element elementor-element-bfacb42 elementor-widget elementor-widget-spacer\" data-id=\"bfacb42\" data-element_type=\"widget\" data-e-type=\"widget\" data-widget_type=\"spacer.default\">\n\t\t\t\t<div class=\"elementor-widget-container\">\n\t\t\t\t\t\t\t<div class=\"elementor-spacer\">\n\t\t\t<div class=\"elementor-spacer-inner\"><\/div>\n\t\t<\/div>\n\t\t\t\t\t\t<\/div>\n\t\t\t\t<\/div>\n\t\t\t\t\t<\/div>\n\t\t<\/div>\n\t\t\t\t\t<\/div>\n\t\t<\/section>\n\t\t\t\t<section class=\"elementor-section elementor-top-section elementor-element elementor-element-ba614cc elementor-section-stretched elementor-section-boxed elementor-section-height-default elementor-section-height-default\" data-id=\"ba614cc\" data-element_type=\"section\" data-e-type=\"section\" data-settings=\"{&quot;stretch_section&quot;:&quot;section-stretched&quot;}\">\n\t\t\t\t\t\t<div class=\"elementor-container elementor-column-gap-default\">\n\t\t\t\t\t<div class=\"elementor-column elementor-col-50 elementor-top-column elementor-element elementor-element-df475e9\" data-id=\"df475e9\" data-element_type=\"column\" data-e-type=\"column\">\n\t\t\t<div class=\"elementor-widget-wrap elementor-element-populated\">\n\t\t\t\t\t\t<div class=\"elementor-element elementor-element-feca9ed elementor-widget elementor-widget-text-editor\" data-id=\"feca9ed\" data-element_type=\"widget\" data-e-type=\"widget\" data-widget_type=\"text-editor.default\">\n\t\t\t\t<div class=\"elementor-widget-container\">\n\t\t\t\t\t\t\t\t\tCathleen Reinheckel the\ndesigner of Luellepop\n<br>\n<br>\nYear of birth: 1981\n<br>\nPlace of birth: Freiberg\n<br>\nJob title: Graduate Designer (Fashion)\n<br>\nEducation: <tab id=\"t1\">Studied fashion design at the HTW Berlin<br>\n<tab to=\"t1\">Training as a clothing technical assistant at e.o.Plauen\n<br>\n<br>\nWhere do you get your inspiration from?\n<br>\nI find inspiration particularly in the tranquillity of nature. My designs are always an expression of my feelings and reflect a part of my imagination.\n<br>\n<br>\nWhat is your favorite task as a designer?\n<br>\nI prefer to design and produce outfits according to the customer's wishes, where I can develop freely. The journey from the idea in my head to the finished outfit is particularly exciting for me.\t\t\t\t\t\t\t\t<\/div>\n\t\t\t\t<\/div>\n\t\t\t\t\t<\/div>\n\t\t<\/div>\n\t\t\t\t<div class=\"elementor-column elementor-col-50 elementor-top-column elementor-element elementor-element-25e35b0\" data-id=\"25e35b0\" data-element_type=\"column\" data-e-type=\"column\">\n\t\t\t<div class=\"elementor-widget-wrap elementor-element-populated\">\n\t\t\t\t\t\t<div class=\"elementor-element elementor-element-d0286b8 elementor-widget elementor-widget-text-editor\" data-id=\"d0286b8\" data-element_type=\"widget\" data-e-type=\"widget\" data-widget_type=\"text-editor.default\">\n\t\t\t\t<div class=\"elementor-widget-container\">\n\t\t\t\t\t\t\t\t\t<a href=\"www.fotoelbeelster.de\" target=\"_blank\" rel=\"noopener\">Andr\u00e9 Gawanka<\/a> Luellepop\u00b4s photographer<br><br>\n\n\nYear of birth: 1980<br>\n\nPlace of birth: Berlin<br><br>\n\n\nHow did you decide to become a photographer?<br>\n\nPhotography gives me the opportunity to stop time and the freedom to work creatively.<br><br>\n\n\nWhen is a picture perfect for you?<br>\n\nWhen a picture reflects the emotions I felt when I saw the scene.<br><br>\n\n\nWhat is your favorite subject to photograph?<br>\n\nIt's difficult for me to decide. For me, it's not the subject that matters, but the emotions that the picture evokes in the viewer.\t\t\t\t\t\t\t\t<\/div>\n\t\t\t\t<\/div>\n\t\t\t\t\t<\/div>\n\t\t<\/div>\n\t\t\t\t\t<\/div>\n\t\t<\/section>\n\t\t\t\t<section class=\"elementor-section elementor-top-section elementor-element elementor-element-f68f73a elementor-section-stretched elementor-section-boxed elementor-section-height-default elementor-section-height-default\" data-id=\"f68f73a\" data-element_type=\"section\" data-e-type=\"section\" data-settings=\"{&quot;stretch_section&quot;:&quot;section-stretched&quot;}\">\n\t\t\t\t\t\t<div class=\"elementor-container elementor-column-gap-default\">\n\t\t\t\t\t<div class=\"elementor-column elementor-col-100 elementor-top-column elementor-element elementor-element-2a813b8\" data-id=\"2a813b8\" data-element_type=\"column\" data-e-type=\"column\">\n\t\t\t<div class=\"elementor-widget-wrap elementor-element-populated\">\n\t\t\t\t\t\t<div class=\"elementor-element elementor-element-9035f09 elementor-widget-divider--view-line elementor-widget elementor-widget-divider\" data-id=\"9035f09\" data-element_type=\"widget\" data-e-type=\"widget\" data-widget_type=\"divider.default\">\n\t\t\t\t<div class=\"elementor-widget-container\">\n\t\t\t\t\t\t\t<div class=\"elementor-divider\">\n\t\t\t<span class=\"elementor-divider-separator\">\n\t\t\t\t\t\t<\/span>\n\t\t<\/div>\n\t\t\t\t\t\t<\/div>\n\t\t\t\t<\/div>\n\t\t\t\t\t<\/div>\n\t\t<\/div>\n\t\t\t\t\t<\/div>\n\t\t<\/section>\n\t\t\t\t<section class=\"elementor-section elementor-top-section elementor-element elementor-element-ffb1c5b elementor-section-stretched elementor-section-boxed elementor-section-height-default elementor-section-height-default\" data-id=\"ffb1c5b\" data-element_type=\"section\" data-e-type=\"section\" data-settings=\"{&quot;stretch_section&quot;:&quot;section-stretched&quot;}\">\n\t\t\t\t\t\t<div class=\"elementor-container elementor-column-gap-default\">\n\t\t\t\t\t<div class=\"elementor-column elementor-col-100 elementor-top-column elementor-element elementor-element-85b2286\" data-id=\"85b2286\" data-element_type=\"column\" data-e-type=\"column\">\n\t\t\t<div class=\"elementor-widget-wrap elementor-element-populated\">\n\t\t\t\t\t\t<div class=\"elementor-element elementor-element-93fa41d elementor-widget elementor-widget-text-editor\" data-id=\"93fa41d\" data-element_type=\"widget\" data-e-type=\"widget\" data-widget_type=\"text-editor.default\">\n\t\t\t\t<div class=\"elementor-widget-container\">\n\t\t\t\t\t\t\t\t\tLuellepop Design helps individuals to express their personality with a piece of clothing. With the combination of latex and fabric, the label makes latex wearable. Luellepop wants to create access to the mostly unknown material,\nand show the fashion world just how versatile this naturally derived material is. Cathleen Reinheckel fell in love with the advantages of the material at the first time she touched it. \"Latex is vegan, natural, flexible and also challenging to work with. I like it sophisticated.\"\n<br>\n<br>\n\nOur promise:\nWe manufacture everything by hand and pay attention to the natural origin of the materials we use. We have high quality standards for the materials and our work. This is important to us so that we can make our customers happy with a clear conscience.\t\t\t\t\t\t\t\t<\/div>\n\t\t\t\t<\/div>\n\t\t\t\t\t<\/div>\n\t\t<\/div>\n\t\t\t\t\t<\/div>\n\t\t<\/section>\n\t\t\t\t<section class=\"elementor-section elementor-top-section elementor-element elementor-element-5ce161d elementor-section-stretched elementor-section-boxed elementor-section-height-default elementor-section-height-default\" data-id=\"5ce161d\" data-element_type=\"section\" data-e-type=\"section\" data-settings=\"{&quot;stretch_section&quot;:&quot;section-stretched&quot;}\">\n\t\t\t\t\t\t<div class=\"elementor-container elementor-column-gap-default\">\n\t\t\t\t\t<div class=\"elementor-column elementor-col-100 elementor-top-column elementor-element elementor-element-19a8b85\" data-id=\"19a8b85\" data-element_type=\"column\" data-e-type=\"column\">\n\t\t\t<div class=\"elementor-widget-wrap elementor-element-populated\">\n\t\t\t\t\t\t<div class=\"elementor-element elementor-element-ad3529d elementor-widget-divider--view-line elementor-widget elementor-widget-divider\" data-id=\"ad3529d\" data-element_type=\"widget\" data-e-type=\"widget\" data-widget_type=\"divider.default\">\n\t\t\t\t<div class=\"elementor-widget-container\">\n\t\t\t\t\t\t\t<div class=\"elementor-divider\">\n\t\t\t<span class=\"elementor-divider-separator\">\n\t\t\t\t\t\t<\/span>\n\t\t<\/div>\n\t\t\t\t\t\t<\/div>\n\t\t\t\t<\/div>\n\t\t\t\t\t<\/div>\n\t\t<\/div>\n\t\t\t\t\t<\/div>\n\t\t<\/section>\n\t\t\t\t<\/div>","protected":false},"excerpt":{"rendered":"<p>\u00dcber L\u00fcllepop L\u00fcllepop Design wurde 2009 von Cathleen Reinheckel in Berlin gegr\u00fcndet und fortan gemeinsam mit Andr\u00e9 Gawanka weiterentwickelt. F\u00fcr das Label L\u00fcllepop war sofort klar, dass der Schwerpunkt der Fashionbrand auf Latex liegt. Dabei scheut sich Cathleen Reinheckel nicht das Material auf verschiedenste Weise zu verarbeiten. Wir kennen Latex alle als gl\u00e4nzendes und spiegelglattes &#8230; <a title=\"L\u00fcllepop Story\" class=\"read-more\" href=\"https:\/\/luellepop-design.de\/en\/luellepop-story\/\" aria-label=\"Read more about L\u00fcllepop Story\">Read more<\/a><\/p>","protected":false},"author":1,"featured_media":0,"parent":0,"menu_order":0,"comment_status":"closed","ping_status":"closed","template":"elementor_canvas","meta":{"footnotes":""},"class_list":["post-1805","page","type-page","status-publish"],"_links":{"self":[{"href":"https:\/\/luellepop-design.de\/en\/wp-json\/wp\/v2\/pages\/1805","targetHints":{"allow":["GET"]}}],"collection":[{"href":"https:\/\/luellepop-design.de\/en\/wp-json\/wp\/v2\/pages"}],"about":[{"href":"https:\/\/luellepop-design.de\/en\/wp-json\/wp\/v2\/types\/page"}],"author":[{"embeddable":true,"href":"https:\/\/luellepop-design.de\/en\/wp-json\/wp\/v2\/users\/1"}],"replies":[{"embeddable":true,"href":"https:\/\/luellepop-design.de\/en\/wp-json\/wp\/v2\/comments?post=1805"}],"version-history":[{"count":0,"href":"https:\/\/luellepop-design.de\/en\/wp-json\/wp\/v2\/pages\/1805\/revisions"}],"wp:attachment":[{"href":"https:\/\/luellepop-design.de\/en\/wp-json\/wp\/v2\/media?parent=1805"}],"curies":[{"name":"wp","href":"https:\/\/api.w.org\/{rel}","templated":true}]}}